{"id":2308,"date":"2018-12-18T10:03:50","date_gmt":"2018-12-18T09:03:50","guid":{"rendered":"https:\/\/dialecta-w0003.dialecta.net\/deutsch\/?page_id=2308"},"modified":"2022-03-08T10:25:59","modified_gmt":"2022-03-08T09:25:59","slug":"fireplaces","status":"publish","type":"page","link":"https:\/\/www.norskkleber.no\/deutsch\/fireplaces\/","title":{"rendered":"Offene Kamine und Herde von Norsk Kleber"},"content":{"rendered":"\t\t<div data-elementor-type=\"wp-post\" data-elementor-id=\"2308\" class=\"elementor elementor-2308\" data-elementor-post-type=\"page\">\n\t\t\t\t\t\t<section class=\"has_ae_slider elementor-section elementor-top-section elementor-element elementor-element-6043c025 elementor-reverse-mobile elementor-section-boxed elementor-section-height-default elementor-section-height-default ae-bg-gallery-type-default\" data-id=\"6043c025\" data-element_type=\"section\" data-e-type=\"section\" data-settings=\"{&quot;jet_parallax_layout_list&quot;:[{&quot;jet_parallax_layout_image&quot;:{&quot;url&quot;:&quot;&quot;,&quot;id&quot;:&quot;&quot;,&quot;size&quot;:&quot;&quot;},&quot;_id&quot;:&quot;f9de499&quot;,&quot;jet_parallax_layout_image_tablet&quot;:{&quot;url&quot;:&quot;&quot;,&quot;id&quot;:&quot;&quot;,&quot;size&quot;:&quot;&quot;},&quot;jet_parallax_layout_image_mobile&quot;:{&quot;url&quot;:&quot;&quot;,&quot;id&quot;:&quot;&quot;,&quot;size&quot;:&quot;&quot;},&quot;jet_parallax_layout_speed&quot;:{&quot;unit&quot;:&quot;%&quot;,&quot;size&quot;:50,&quot;sizes&quot;:[]},&quot;jet_parallax_layout_type&quot;:&quot;scroll&quot;,&quot;jet_parallax_layout_direction&quot;:&quot;1&quot;,&quot;jet_parallax_layout_fx_direction&quot;:null,&quot;jet_parallax_layout_z_index&quot;:&quot;&quot;,&quot;jet_parallax_layout_bg_x&quot;:50,&quot;jet_parallax_layout_bg_x_tablet&quot;:&quot;&quot;,&quot;jet_parallax_layout_bg_x_mobile&quot;:&quot;&quot;,&quot;jet_parallax_layout_bg_y&quot;:50,&quot;jet_parallax_layout_bg_y_tablet&quot;:&quot;&quot;,&quot;jet_parallax_layout_bg_y_mobile&quot;:&quot;&quot;,&quot;jet_parallax_layout_bg_size&quot;:&quot;auto&quot;,&quot;jet_parallax_layout_bg_size_tablet&quot;:&quot;&quot;,&quot;jet_parallax_layout_bg_size_mobile&quot;:&quot;&quot;,&quot;jet_parallax_layout_animation_prop&quot;:&quot;transform&quot;,&quot;jet_parallax_layout_on&quot;:[&quot;desktop&quot;,&quot;tablet&quot;]}]}\">\n\t\t\t\t\t\t<div class=\"elementor-container elementor-column-gap-default\">\n\t\t\t\t\t<div class=\"has_ae_slider elementor-column elementor-col-50 elementor-top-column elementor-element elementor-element-61ce9886 ae-bg-gallery-type-default\" data-id=\"61ce9886\" data-element_type=\"column\" data-e-type=\"column\">\n\t\t\t<div class=\"elementor-widget-wrap elementor-element-populated\">\n\t\t\t\t\t\t<div class=\"elementor-element elementor-element-797f397c elementor-widget elementor-widget-text-editor\" data-id=\"797f397c\" data-element_type=\"widget\" data-e-type=\"widget\" data-widget_type=\"text-editor.default\">\n\t\t\t\t<div class=\"elementor-widget-container\">\n\t\t\t\t\t\t\t\t\t<p>Offene Kamine und Herde aus massivem Speckstein sind ein wesentliches Charakteristikum von H\u00e4usern in mehreren T\u00e4lern Norwegens. Im 19. Jahrhundert waren sie auch in Stadtvillen beliebt. In den alten Zeiten wurde normalerweise Kiefernwurzel (harzhaltiges Holz) in solchen Kaminen aufgrund ihrer hohen Viskosit\u00e4t und Energiedichte verbrannt, so dass die W\u00e4rme leicht auf den Speckstein \u00fcbertragen werden konnte. Auf diese Weise war sogar ein offener Specksteinherd relativ effizient. Heute produzieren wir nach wie vor offene Herde und Kamine genauso, wie sie vor Hunderten von Jahren gebaut wurden. Solche Kamine sind immer noch in Wochenendh\u00e4usern beliebt. Neben traditionellen offenen Kaminen und Herden fertigen wir auch moderne Versionen, oftmals nach einer Zeichnung von einem Architekten oder Kunden.<\/p>\n<p>Wir erwecken auf der Grundlage unseres Wissens von Kaminen und Speckstein solche Zeichnungen zum Leben. Der fertige Kamin ist ein einzigartiges Produkt und wird mit Hilfe moderner computergesteuerten Maschinen kombiniert mit Handwerkskunst hergestellt. Unsere Produktionsmitarbeiter wurden \u00fcber Generationen hinweg in dieser Disziplin ausgebildet. Das Wissen wird auf diese Weise im Laufe der Jahrhunderte weiterentwickelt und weitergegeben und ist die Garantie f\u00fcr ein unvergleichliches, hochwertiges Produkt.<\/p>\n<p>Neben offenen Kaminen und Herden produzieren wir auch Kamine mit einer Stahlauskleidung. Diese Kamine mit einer Specksteinumrahmung sind effizienter als offene Kamine und ben\u00f6tigen weniger Platz.<\/p>\n<p>\u00a0<\/p>\n<p>Wenn Sie ein Haus oder ein Wochenendhaus bauen m\u00f6chten, empfehlen wir Ihnen, uns fr\u00fchzeitig zu kontaktieren, um nicht die Gelegenheit zu verpassen, in den Genuss eines bezaubernden Specksteinofens zu kommen. W\u00e4hrend des Baus k\u00f6nnen dann Faktoren wie Fundament, Luftzufuhr, Kamingr\u00f6\u00dfe, Brandmauern und Platzbedarf ber\u00fccksichtigt werden.<\/p>\t\t\t\t\t\t\t\t<\/div>\n\t\t\t\t<\/div>\n\t\t\t\t\t<\/div>\n\t\t<\/div>\n\t\t\t\t<div class=\"has_ae_slider elementor-column elementor-col-50 elementor-top-column elementor-element elementor-element-08d5467 ae-bg-gallery-type-default\" data-id=\"08d5467\" data-element_type=\"column\" data-e-type=\"column\">\n\t\t\t<div class=\"elementor-widget-wrap elementor-element-populated\">\n\t\t\t\t\t\t<div class=\"elementor-element elementor-element-41de3fa dce_masking-none elementor-widget elementor-widget-image\" data-id=\"41de3fa\" data-element_type=\"widget\" data-e-type=\"widget\" data-widget_type=\"image.default\">\n\t\t\t\t<div class=\"elementor-widget-container\">\n\t\t\t\t\t\t\t\t\t\t\t\t\t\t\t<img fetchpriority=\"high\" decoding=\"async\" width=\"683\" height=\"1024\" src=\"https:\/\/www.norskkleber.no\/deutsch\/wp-content\/uploads\/sites\/32\/2018\/12\/peis_norskkleber-min-683x1024.jpg\" class=\"attachment-large size-large wp-image-1943\" alt=\"\" srcset=\"https:\/\/www.norskkleber.no\/deutsch\/wp-content\/uploads\/sites\/32\/2018\/12\/peis_norskkleber-min-683x1024.jpg 683w, https:\/\/www.norskkleber.no\/deutsch\/wp-content\/uploads\/sites\/32\/2018\/12\/peis_norskkleber-min-200x300.jpg 200w, https:\/\/www.norskkleber.no\/deutsch\/wp-content\/uploads\/sites\/32\/2018\/12\/peis_norskkleber-min-768x1152.jpg 768w, https:\/\/www.norskkleber.no\/deutsch\/wp-content\/uploads\/sites\/32\/2018\/12\/peis_norskkleber-min-16x24.jpg 16w, https:\/\/www.norskkleber.no\/deutsch\/wp-content\/uploads\/sites\/32\/2018\/12\/peis_norskkleber-min-24x36.jpg 24w, https:\/\/www.norskkleber.no\/deutsch\/wp-content\/uploads\/sites\/32\/2018\/12\/peis_norskkleber-min-32x48.jpg 32w, https:\/\/www.norskkleber.no\/deutsch\/wp-content\/uploads\/sites\/32\/2018\/12\/peis_norskkleber-min.jpg 1200w\" sizes=\"(max-width: 683px) 100vw, 683px\" \/>\t\t\t\t\t\t\t\t\t\t\t\t\t\t\t<\/div>\n\t\t\t\t<\/div>\n\t\t\t\t\t<\/div>\n\t\t<\/div>\n\t\t\t\t\t<\/div>\n\t\t<\/section>\n\t\t\t\t<\/div>\n\t\t","protected":false},"excerpt":{"rendered":"<p>Offene Kamine und Herde aus massivem Speckstein sind ein wesentliches Charakteristikum von H\u00e4usern in mehreren T\u00e4lern Norwegens. Im 19. Jahrhundert waren sie auch in Stadtvillen beliebt. In den alten Zeiten wurde normalerweise Kiefernwurzel (harzhaltiges Holz) in solchen Kaminen aufgrund ihrer hohen Viskosit\u00e4t und Energiedichte verbrannt, so dass die W\u00e4rme leicht auf den Speckstein \u00fcbertragen werden &#8230; <a title=\"Offene Kamine und Herde von Norsk Kleber\" class=\"read-more\" href=\"https:\/\/www.norskkleber.no\/deutsch\/fireplaces\/\" aria-label=\"Read more about Offene Kamine und Herde von Norsk Kleber\">Read more<\/a><\/p>\n","protected":false},"author":1,"featured_media":1943,"parent":0,"menu_order":5,"comment_status":"closed","ping_status":"closed","template":"","meta":{"_acf_changed":false,"inline_featured_image":false,"footnotes":""},"class_list":["post-2308","page","type-page","status-publish","has-post-thumbnail"],"acf":[],"yoast_head":"<!-- This site is optimized with the Yoast SEO plugin v27.5 - https:\/\/yoast.com\/product\/yoast-seo-wordpress\/ -->\n<title>Offene Kamine und Herde von Norsk Kleber - Norskkleber AS GER<\/title>\n<meta name=\"robots\" content=\"index, follow, max-snippet:-1, max-image-preview:large, max-video-preview:-1\" \/>\n<link rel=\"canonical\" href=\"https:\/\/www.norskkleber.no\/deutsch\/fireplaces\/\" \/>\n<meta property=\"og:locale\" content=\"en_US\" \/>\n<meta property=\"og:type\" content=\"article\" \/>\n<meta property=\"og:title\" content=\"Offene Kamine und Herde von Norsk Kleber - Norskkleber AS GER\" \/>\n<meta property=\"og:description\" content=\"Offene Kamine und Herde aus massivem Speckstein sind ein wesentliches Charakteristikum von H\u00e4usern in mehreren T\u00e4lern Norwegens. Im 19. Jahrhundert waren sie auch in Stadtvillen beliebt. In den alten Zeiten wurde normalerweise Kiefernwurzel (harzhaltiges Holz) in solchen Kaminen aufgrund ihrer hohen Viskosit\u00e4t und Energiedichte verbrannt, so dass die W\u00e4rme leicht auf den Speckstein \u00fcbertragen werden ... Read more\" \/>\n<meta property=\"og:url\" content=\"https:\/\/www.norskkleber.no\/deutsch\/fireplaces\/\" \/>\n<meta property=\"og:site_name\" content=\"Norskkleber AS GER\" \/>\n<meta property=\"article:modified_time\" content=\"2022-03-08T09:25:59+00:00\" \/>\n<meta property=\"og:image\" content=\"https:\/\/www.norskkleber.no\/deutsch\/wp-content\/uploads\/sites\/32\/2018\/12\/peis_norskkleber-min.jpg\" \/>\n\t<meta property=\"og:image:width\" content=\"1200\" \/>\n\t<meta property=\"og:image:height\" content=\"1800\" \/>\n\t<meta property=\"og:image:type\" content=\"image\/jpeg\" \/>\n<meta name=\"twitter:card\" content=\"summary_large_image\" \/>\n<meta name=\"twitter:label1\" content=\"Est. reading time\" \/>\n\t<meta name=\"twitter:data1\" content=\"2 minutes\" \/>\n<script type=\"application\/ld+json\" class=\"yoast-schema-graph\">{\"@context\":\"https:\\\/\\\/schema.org\",\"@graph\":[{\"@type\":\"WebPage\",\"@id\":\"https:\\\/\\\/www.norskkleber.no\\\/deutsch\\\/fireplaces\\\/\",\"url\":\"https:\\\/\\\/www.norskkleber.no\\\/deutsch\\\/fireplaces\\\/\",\"name\":\"Offene Kamine und Herde von Norsk Kleber - Norskkleber AS GER\",\"isPartOf\":{\"@id\":\"https:\\\/\\\/www.norskkleber.no\\\/deutsch\\\/#website\"},\"primaryImageOfPage\":{\"@id\":\"https:\\\/\\\/www.norskkleber.no\\\/deutsch\\\/fireplaces\\\/#primaryimage\"},\"image\":{\"@id\":\"https:\\\/\\\/www.norskkleber.no\\\/deutsch\\\/fireplaces\\\/#primaryimage\"},\"thumbnailUrl\":\"https:\\\/\\\/www.norskkleber.no\\\/deutsch\\\/wp-content\\\/uploads\\\/sites\\\/32\\\/2018\\\/12\\\/peis_norskkleber-min.jpg\",\"datePublished\":\"2018-12-18T09:03:50+00:00\",\"dateModified\":\"2022-03-08T09:25:59+00:00\",\"breadcrumb\":{\"@id\":\"https:\\\/\\\/www.norskkleber.no\\\/deutsch\\\/fireplaces\\\/#breadcrumb\"},\"inLanguage\":\"en-US\",\"potentialAction\":[{\"@type\":\"ReadAction\",\"target\":[\"https:\\\/\\\/www.norskkleber.no\\\/deutsch\\\/fireplaces\\\/\"]}]},{\"@type\":\"ImageObject\",\"inLanguage\":\"en-US\",\"@id\":\"https:\\\/\\\/www.norskkleber.no\\\/deutsch\\\/fireplaces\\\/#primaryimage\",\"url\":\"https:\\\/\\\/www.norskkleber.no\\\/deutsch\\\/wp-content\\\/uploads\\\/sites\\\/32\\\/2018\\\/12\\\/peis_norskkleber-min.jpg\",\"contentUrl\":\"https:\\\/\\\/www.norskkleber.no\\\/deutsch\\\/wp-content\\\/uploads\\\/sites\\\/32\\\/2018\\\/12\\\/peis_norskkleber-min.jpg\",\"width\":1200,\"height\":1800},{\"@type\":\"BreadcrumbList\",\"@id\":\"https:\\\/\\\/www.norskkleber.no\\\/deutsch\\\/fireplaces\\\/#breadcrumb\",\"itemListElement\":[{\"@type\":\"ListItem\",\"position\":1,\"name\":\"Hjem\",\"item\":\"https:\\\/\\\/www.norskkleber.no\\\/deutsch\\\/\"},{\"@type\":\"ListItem\",\"position\":2,\"name\":\"Offene Kamine und Herde von Norsk Kleber\"}]},{\"@type\":\"WebSite\",\"@id\":\"https:\\\/\\\/www.norskkleber.no\\\/deutsch\\\/#website\",\"url\":\"https:\\\/\\\/www.norskkleber.no\\\/deutsch\\\/\",\"name\":\"Norskkleber AS GER\",\"description\":\"Klebersteinsovner\",\"publisher\":{\"@id\":\"https:\\\/\\\/www.norskkleber.no\\\/deutsch\\\/#organization\"},\"potentialAction\":[{\"@type\":\"SearchAction\",\"target\":{\"@type\":\"EntryPoint\",\"urlTemplate\":\"https:\\\/\\\/www.norskkleber.no\\\/deutsch\\\/?s={search_term_string}\"},\"query-input\":{\"@type\":\"PropertyValueSpecification\",\"valueRequired\":true,\"valueName\":\"search_term_string\"}}],\"inLanguage\":\"en-US\"},{\"@type\":\"Organization\",\"@id\":\"https:\\\/\\\/www.norskkleber.no\\\/deutsch\\\/#organization\",\"name\":\"Norskkleber AS GER\",\"url\":\"https:\\\/\\\/www.norskkleber.no\\\/deutsch\\\/\",\"logo\":{\"@type\":\"ImageObject\",\"inLanguage\":\"en-US\",\"@id\":\"https:\\\/\\\/www.norskkleber.no\\\/deutsch\\\/#\\\/schema\\\/logo\\\/image\\\/\",\"url\":\"https:\\\/\\\/www.norskkleber.no\\\/deutsch\\\/wp-content\\\/uploads\\\/sites\\\/32\\\/2018\\\/11\\\/Norsk-Kleber-NOR.svg\",\"contentUrl\":\"https:\\\/\\\/www.norskkleber.no\\\/deutsch\\\/wp-content\\\/uploads\\\/sites\\\/32\\\/2018\\\/11\\\/Norsk-Kleber-NOR.svg\",\"caption\":\"Norskkleber AS GER\"},\"image\":{\"@id\":\"https:\\\/\\\/www.norskkleber.no\\\/deutsch\\\/#\\\/schema\\\/logo\\\/image\\\/\"}}]}<\/script>\n<!-- \/ Yoast SEO plugin. -->","yoast_head_json":{"title":"Offene Kamine und Herde von Norsk Kleber - Norskkleber AS GER","robots":{"index":"index","follow":"follow","max-snippet":"max-snippet:-1","max-image-preview":"max-image-preview:large","max-video-preview":"max-video-preview:-1"},"canonical":"https:\/\/www.norskkleber.no\/deutsch\/fireplaces\/","og_locale":"en_US","og_type":"article","og_title":"Offene Kamine und Herde von Norsk Kleber - Norskkleber AS GER","og_description":"Offene Kamine und Herde aus massivem Speckstein sind ein wesentliches Charakteristikum von H\u00e4usern in mehreren T\u00e4lern Norwegens. Im 19. Jahrhundert waren sie auch in Stadtvillen beliebt. In den alten Zeiten wurde normalerweise Kiefernwurzel (harzhaltiges Holz) in solchen Kaminen aufgrund ihrer hohen Viskosit\u00e4t und Energiedichte verbrannt, so dass die W\u00e4rme leicht auf den Speckstein \u00fcbertragen werden ... Read more","og_url":"https:\/\/www.norskkleber.no\/deutsch\/fireplaces\/","og_site_name":"Norskkleber AS GER","article_modified_time":"2022-03-08T09:25:59+00:00","og_image":[{"width":1200,"height":1800,"url":"https:\/\/www.norskkleber.no\/deutsch\/wp-content\/uploads\/sites\/32\/2018\/12\/peis_norskkleber-min.jpg","type":"image\/jpeg"}],"twitter_card":"summary_large_image","twitter_misc":{"Est. reading time":"2 minutes"},"schema":{"@context":"https:\/\/schema.org","@graph":[{"@type":"WebPage","@id":"https:\/\/www.norskkleber.no\/deutsch\/fireplaces\/","url":"https:\/\/www.norskkleber.no\/deutsch\/fireplaces\/","name":"Offene Kamine und Herde von Norsk Kleber - Norskkleber AS GER","isPartOf":{"@id":"https:\/\/www.norskkleber.no\/deutsch\/#website"},"primaryImageOfPage":{"@id":"https:\/\/www.norskkleber.no\/deutsch\/fireplaces\/#primaryimage"},"image":{"@id":"https:\/\/www.norskkleber.no\/deutsch\/fireplaces\/#primaryimage"},"thumbnailUrl":"https:\/\/www.norskkleber.no\/deutsch\/wp-content\/uploads\/sites\/32\/2018\/12\/peis_norskkleber-min.jpg","datePublished":"2018-12-18T09:03:50+00:00","dateModified":"2022-03-08T09:25:59+00:00","breadcrumb":{"@id":"https:\/\/www.norskkleber.no\/deutsch\/fireplaces\/#breadcrumb"},"inLanguage":"en-US","potentialAction":[{"@type":"ReadAction","target":["https:\/\/www.norskkleber.no\/deutsch\/fireplaces\/"]}]},{"@type":"ImageObject","inLanguage":"en-US","@id":"https:\/\/www.norskkleber.no\/deutsch\/fireplaces\/#primaryimage","url":"https:\/\/www.norskkleber.no\/deutsch\/wp-content\/uploads\/sites\/32\/2018\/12\/peis_norskkleber-min.jpg","contentUrl":"https:\/\/www.norskkleber.no\/deutsch\/wp-content\/uploads\/sites\/32\/2018\/12\/peis_norskkleber-min.jpg","width":1200,"height":1800},{"@type":"BreadcrumbList","@id":"https:\/\/www.norskkleber.no\/deutsch\/fireplaces\/#breadcrumb","itemListElement":[{"@type":"ListItem","position":1,"name":"Hjem","item":"https:\/\/www.norskkleber.no\/deutsch\/"},{"@type":"ListItem","position":2,"name":"Offene Kamine und Herde von Norsk Kleber"}]},{"@type":"WebSite","@id":"https:\/\/www.norskkleber.no\/deutsch\/#website","url":"https:\/\/www.norskkleber.no\/deutsch\/","name":"Norskkleber AS GER","description":"Klebersteinsovner","publisher":{"@id":"https:\/\/www.norskkleber.no\/deutsch\/#organization"},"potentialAction":[{"@type":"SearchAction","target":{"@type":"EntryPoint","urlTemplate":"https:\/\/www.norskkleber.no\/deutsch\/?s={search_term_string}"},"query-input":{"@type":"PropertyValueSpecification","valueRequired":true,"valueName":"search_term_string"}}],"inLanguage":"en-US"},{"@type":"Organization","@id":"https:\/\/www.norskkleber.no\/deutsch\/#organization","name":"Norskkleber AS GER","url":"https:\/\/www.norskkleber.no\/deutsch\/","logo":{"@type":"ImageObject","inLanguage":"en-US","@id":"https:\/\/www.norskkleber.no\/deutsch\/#\/schema\/logo\/image\/","url":"https:\/\/www.norskkleber.no\/deutsch\/wp-content\/uploads\/sites\/32\/2018\/11\/Norsk-Kleber-NOR.svg","contentUrl":"https:\/\/www.norskkleber.no\/deutsch\/wp-content\/uploads\/sites\/32\/2018\/11\/Norsk-Kleber-NOR.svg","caption":"Norskkleber AS GER"},"image":{"@id":"https:\/\/www.norskkleber.no\/deutsch\/#\/schema\/logo\/image\/"}}]}},"_links":{"self":[{"href":"https:\/\/www.norskkleber.no\/deutsch\/wp-json\/wp\/v2\/pages\/2308","targetHints":{"allow":["GET"]}}],"collection":[{"href":"https:\/\/www.norskkleber.no\/deutsch\/wp-json\/wp\/v2\/pages"}],"about":[{"href":"https:\/\/www.norskkleber.no\/deutsch\/wp-json\/wp\/v2\/types\/page"}],"author":[{"embeddable":true,"href":"https:\/\/www.norskkleber.no\/deutsch\/wp-json\/wp\/v2\/users\/1"}],"replies":[{"embeddable":true,"href":"https:\/\/www.norskkleber.no\/deutsch\/wp-json\/wp\/v2\/comments?post=2308"}],"version-history":[{"count":15,"href":"https:\/\/www.norskkleber.no\/deutsch\/wp-json\/wp\/v2\/pages\/2308\/revisions"}],"predecessor-version":[{"id":28459,"href":"https:\/\/www.norskkleber.no\/deutsch\/wp-json\/wp\/v2\/pages\/2308\/revisions\/28459"}],"wp:featuredmedia":[{"embeddable":true,"href":"https:\/\/www.norskkleber.no\/deutsch\/wp-json\/wp\/v2\/media\/1943"}],"wp:attachment":[{"href":"https:\/\/www.norskkleber.no\/deutsch\/wp-json\/wp\/v2\/media?parent=2308"}],"curies":[{"name":"wp","href":"https:\/\/api.w.org\/{rel}","templated":true}]}}