{"id":39,"date":"2018-11-07T12:02:10","date_gmt":"2018-11-07T11:02:10","guid":{"rendered":"https:\/\/dialecta-w0003.dialecta.net\/deutsch\/?page_id=39"},"modified":"2022-03-08T13:57:54","modified_gmt":"2022-03-08T12:57:54","slug":"about-us","status":"publish","type":"page","link":"https:\/\/www.norskkleber.no\/deutsch\/about-us\/","title":{"rendered":"About us"},"content":{"rendered":"\t\t<div data-elementor-type=\"wp-post\" data-elementor-id=\"39\" class=\"elementor elementor-39\" data-elementor-post-type=\"page\">\n\t\t\t\t\t\t<section data-dce-background-color=\"#f9f2df\" data-dce-background-overlay-color=\"#ffffff\" class=\"has_ae_slider elementor-section elementor-top-section elementor-element elementor-element-7cdae58 elementor-section-stretched gruppeFarge elementor-section-full_width elementor-section-height-default elementor-section-height-default ae-bg-gallery-type-default\" data-id=\"7cdae58\" data-element_type=\"section\" data-e-type=\"section\" data-settings=\"{&quot;jet_parallax_layout_list&quot;:[{&quot;jet_parallax_layout_image&quot;:{&quot;url&quot;:&quot;&quot;,&quot;id&quot;:&quot;&quot;,&quot;size&quot;:&quot;&quot;},&quot;_id&quot;:&quot;24eb1e4&quot;,&quot;jet_parallax_layout_speed&quot;:{&quot;unit&quot;:&quot;%&quot;,&quot;size&quot;:50,&quot;sizes&quot;:[]},&quot;jet_parallax_layout_image_tablet&quot;:{&quot;url&quot;:&quot;&quot;,&quot;id&quot;:&quot;&quot;,&quot;size&quot;:&quot;&quot;},&quot;jet_parallax_layout_image_mobile&quot;:{&quot;url&quot;:&quot;&quot;,&quot;id&quot;:&quot;&quot;,&quot;size&quot;:&quot;&quot;},&quot;jet_parallax_layout_type&quot;:&quot;scroll&quot;,&quot;jet_parallax_layout_direction&quot;:&quot;1&quot;,&quot;jet_parallax_layout_fx_direction&quot;:null,&quot;jet_parallax_layout_z_index&quot;:&quot;&quot;,&quot;jet_parallax_layout_bg_x&quot;:50,&quot;jet_parallax_layout_bg_x_tablet&quot;:&quot;&quot;,&quot;jet_parallax_layout_bg_x_mobile&quot;:&quot;&quot;,&quot;jet_parallax_layout_bg_y&quot;:50,&quot;jet_parallax_layout_bg_y_tablet&quot;:&quot;&quot;,&quot;jet_parallax_layout_bg_y_mobile&quot;:&quot;&quot;,&quot;jet_parallax_layout_bg_size&quot;:&quot;auto&quot;,&quot;jet_parallax_layout_bg_size_tablet&quot;:&quot;&quot;,&quot;jet_parallax_layout_bg_size_mobile&quot;:&quot;&quot;,&quot;jet_parallax_layout_animation_prop&quot;:&quot;transform&quot;,&quot;jet_parallax_layout_on&quot;:[&quot;desktop&quot;,&quot;tablet&quot;]}],&quot;stretch_section&quot;:&quot;section-stretched&quot;,&quot;background_background&quot;:&quot;classic&quot;}\">\n\t\t\t\t\t\t\t<div class=\"elementor-background-overlay\"><\/div>\n\t\t\t\t\t\t\t<div class=\"elementor-container elementor-column-gap-default\">\n\t\t\t\t\t<div data-dce-background-color=\"#f9f2df\" data-dce-background-overlay-image-url=\"https:\/\/dialecta-w0003.dialecta.net\/english\/wp-content\/uploads\/2018\/12\/fjell-1920x1080-min.jpg\" class=\"has_ae_slider elementor-column elementor-col-100 elementor-top-column elementor-element elementor-element-f4cd416 ae-bg-gallery-type-default\" data-id=\"f4cd416\" data-element_type=\"column\" data-e-type=\"column\" data-settings=\"{&quot;background_background&quot;:&quot;classic&quot;}\">\n\t\t\t<div class=\"elementor-widget-wrap elementor-element-populated\">\n\t\t\t\t\t<div class=\"elementor-background-overlay\"><\/div>\n\t\t\t\t\t\t\t<\/div>\n\t\t<\/div>\n\t\t\t\t\t<\/div>\n\t\t<\/section>\n\t\t\t\t<section class=\"has_ae_slider elementor-section elementor-top-section elementor-element elementor-element-842afa1 elementor-section-boxed elementor-section-height-default elementor-section-height-default ae-bg-gallery-type-default\" data-id=\"842afa1\" data-element_type=\"section\" data-e-type=\"section\" data-settings=\"{&quot;jet_parallax_layout_list&quot;:[{&quot;jet_parallax_layout_image&quot;:{&quot;url&quot;:&quot;&quot;,&quot;id&quot;:&quot;&quot;,&quot;size&quot;:&quot;&quot;},&quot;_id&quot;:&quot;e86e83e&quot;,&quot;jet_parallax_layout_speed&quot;:{&quot;unit&quot;:&quot;%&quot;,&quot;size&quot;:50,&quot;sizes&quot;:[]},&quot;jet_parallax_layout_image_tablet&quot;:{&quot;url&quot;:&quot;&quot;,&quot;id&quot;:&quot;&quot;,&quot;size&quot;:&quot;&quot;},&quot;jet_parallax_layout_image_mobile&quot;:{&quot;url&quot;:&quot;&quot;,&quot;id&quot;:&quot;&quot;,&quot;size&quot;:&quot;&quot;},&quot;jet_parallax_layout_type&quot;:&quot;scroll&quot;,&quot;jet_parallax_layout_direction&quot;:&quot;1&quot;,&quot;jet_parallax_layout_fx_direction&quot;:null,&quot;jet_parallax_layout_z_index&quot;:&quot;&quot;,&quot;jet_parallax_layout_bg_x&quot;:50,&quot;jet_parallax_layout_bg_x_tablet&quot;:&quot;&quot;,&quot;jet_parallax_layout_bg_x_mobile&quot;:&quot;&quot;,&quot;jet_parallax_layout_bg_y&quot;:50,&quot;jet_parallax_layout_bg_y_tablet&quot;:&quot;&quot;,&quot;jet_parallax_layout_bg_y_mobile&quot;:&quot;&quot;,&quot;jet_parallax_layout_bg_size&quot;:&quot;auto&quot;,&quot;jet_parallax_layout_bg_size_tablet&quot;:&quot;&quot;,&quot;jet_parallax_layout_bg_size_mobile&quot;:&quot;&quot;,&quot;jet_parallax_layout_animation_prop&quot;:&quot;transform&quot;,&quot;jet_parallax_layout_on&quot;:[&quot;desktop&quot;,&quot;tablet&quot;]}]}\">\n\t\t\t\t\t\t<div class=\"elementor-container elementor-column-gap-default\">\n\t\t\t\t\t<div class=\"has_ae_slider elementor-column elementor-col-100 elementor-top-column elementor-element elementor-element-9faae7c ae-bg-gallery-type-default\" data-id=\"9faae7c\" data-element_type=\"column\" data-e-type=\"column\">\n\t\t\t<div class=\"elementor-widget-wrap elementor-element-populated\">\n\t\t\t\t\t\t<section class=\"has_ae_slider elementor-section elementor-inner-section elementor-element elementor-element-f23da3c elementor-section-boxed elementor-section-height-default elementor-section-height-default ae-bg-gallery-type-default\" data-id=\"f23da3c\" data-element_type=\"section\" data-e-type=\"section\" data-settings=\"{&quot;jet_parallax_layout_list&quot;:[{&quot;jet_parallax_layout_image&quot;:{&quot;url&quot;:&quot;&quot;,&quot;id&quot;:&quot;&quot;,&quot;size&quot;:&quot;&quot;},&quot;_id&quot;:&quot;30df294&quot;,&quot;jet_parallax_layout_speed&quot;:{&quot;unit&quot;:&quot;%&quot;,&quot;size&quot;:50,&quot;sizes&quot;:[]},&quot;jet_parallax_layout_image_tablet&quot;:{&quot;url&quot;:&quot;&quot;,&quot;id&quot;:&quot;&quot;,&quot;size&quot;:&quot;&quot;},&quot;jet_parallax_layout_image_mobile&quot;:{&quot;url&quot;:&quot;&quot;,&quot;id&quot;:&quot;&quot;,&quot;size&quot;:&quot;&quot;},&quot;jet_parallax_layout_type&quot;:&quot;scroll&quot;,&quot;jet_parallax_layout_direction&quot;:&quot;1&quot;,&quot;jet_parallax_layout_fx_direction&quot;:null,&quot;jet_parallax_layout_z_index&quot;:&quot;&quot;,&quot;jet_parallax_layout_bg_x&quot;:50,&quot;jet_parallax_layout_bg_x_tablet&quot;:&quot;&quot;,&quot;jet_parallax_layout_bg_x_mobile&quot;:&quot;&quot;,&quot;jet_parallax_layout_bg_y&quot;:50,&quot;jet_parallax_layout_bg_y_tablet&quot;:&quot;&quot;,&quot;jet_parallax_layout_bg_y_mobile&quot;:&quot;&quot;,&quot;jet_parallax_layout_bg_size&quot;:&quot;auto&quot;,&quot;jet_parallax_layout_bg_size_tablet&quot;:&quot;&quot;,&quot;jet_parallax_layout_bg_size_mobile&quot;:&quot;&quot;,&quot;jet_parallax_layout_animation_prop&quot;:&quot;transform&quot;,&quot;jet_parallax_layout_on&quot;:[&quot;desktop&quot;,&quot;tablet&quot;]}]}\">\n\t\t\t\t\t\t<div class=\"elementor-container elementor-column-gap-default\">\n\t\t\t\t\t<div class=\"has_ae_slider elementor-column elementor-col-100 elementor-inner-column elementor-element elementor-element-0f6a947 ae-bg-gallery-type-default\" data-id=\"0f6a947\" data-element_type=\"column\" data-e-type=\"column\" data-settings=\"{&quot;background_background&quot;:&quot;classic&quot;}\">\n\t\t\t<div class=\"elementor-widget-wrap elementor-element-populated\">\n\t\t\t\t\t\t<div data-dce-title-color=\"#0c0c0c\" class=\"elementor-element elementor-element-15cfa25 elementor-widget elementor-widget-heading\" data-id=\"15cfa25\" data-element_type=\"widget\" data-e-type=\"widget\" data-widget_type=\"heading.default\">\n\t\t\t\t<div class=\"elementor-widget-container\">\n\t\t\t\t\t<h1 class=\"elementor-heading-title elementor-size-default\">\u00dcber Speckstein\nund Norsk Kleber\n<\/h1>\t\t\t\t<\/div>\n\t\t\t\t<\/div>\n\t\t\t\t<div class=\"elementor-element elementor-element-01a1daf elementor-widget elementor-widget-text-editor\" data-id=\"01a1daf\" data-element_type=\"widget\" data-e-type=\"widget\" data-widget_type=\"text-editor.default\">\n\t\t\t\t<div class=\"elementor-widget-container\">\n\t\t\t\t\t\t\t\t\t<p>Ein Ofen aus massivem Speckstein von Norsk Kleber ist nicht nur ein Ofen, sondern ein exklusiver direkt aus der Natur kommender Einrichtungsgegenstand. Jeder Stein besitzt eigene Strukturen und Muster, daher ist jeder Ofen ein Unikat. Unser Speckstein ist grau und besitzt eine helle Struktur. Unsere Speckstein\u00f6fen sind w\u00e4rmende Kunstwerke, die Generationen \u00fcberdauern. Norsk Kleber ist der einzige norwegische Hersteller von Speckstein\u00f6fen und -kaminen.<\/p><p>Speckstein ist ein metamorphes Gestein, das sich vor etwa 500 Millionen Jahren unter hohem Druck und hohen Temperaturen aus anderen Gesteinsarten gebildet hat. Speckstein ist ein weiches Gestein, das sich leicht formen l\u00e4sst und angenehm zum Anfassen ist. Er vertr\u00e4gt Temperaturen bis zu 1550\u00b0 C, ist frostsicher und chemikalienbest\u00e4ndig. Der Speckstein von Norsk Kleber hat einen hohen Talkgehalt. Er ist por\u00f6s und schwer und bietet daher besonders gute W\u00e4rmespeichereigenschaften \u2013 ein wahres Wundermaterial der Natur. In Norwegen wird Speckstein bereits seit der fr\u00fcheisenzeitlichen Besiedelung in der Gegend des n\u00f6rdlichen Gudbrandstals f\u00fcr Kochgef\u00e4\u00dfe und allt\u00e4gliche Gebrauchsgegenst\u00e4nde verwendet. In der Steinzeit wurden aus dem besonderen Gestein Keulen, Hacken und \u00c4xte angefertigt. W\u00e4hrend der Bronzezeit wurde er auch zur Herstellung von Spinnr\u00e4dern, Kettengewichten f\u00fcr Webst\u00fchle, Senkblei f\u00fcr Netze und Gie\u00dfformen verwendet. Specksteinfunde belegen, dass die Wikinger Speckstein f\u00fcr T\u00f6pfe und andere Gebrauchsgegenst\u00e4nde verwendeten. Vieles deutet darauf hin, dass die Wikinger Speckstein auch zur Beheizung ihrer H\u00e4user nutzten. Die Herstellung von Specksteint\u00f6pfen, die direkt aus den Felsw\u00e4nden gehauen wurden, trug f\u00fcr viele Menschen zur Sicherung der Existenzgrundlage bei. Wie bei allen Steinarten variiert die Qualit\u00e4t des Specksteins von Ort zu Ort. Unser Speckstein hat einen relativ hohen Magnetitgehalt und ist daher besonders zur Verwendung in \u00d6fen und Kaminen geeignet. W\u00e4rmeaufnahme, Speicherung und Emission sind bei unserem Speckstein optimal.<\/p><p>Im 13. Jahrhundert wurde Speckstein als Dekor verwendet, und mehrere Burgen, Kirchen und Kathedralen haben Specksteinverzierungen. Am bekanntesten ist die Kathedrale von Nidaros, die vollst\u00e4ndig mit Speckstein dekoriert ist. Ende des 17. Jahrhundert begann in Gudbrandsdalen die Herstellung von Specksteinherden. Gegen Ende des 19. Jahrhunderts wurden in Otta mehrere Unternehmen f\u00fcr die Herstellung von Speckstein\u00f6fen und Kaminen gegr\u00fcndet. Die Firma AS \u00d8stlandske Stenexport hat im Zeitraum 1915\u20131918 gro\u00dfe Teile des Specksteingesch\u00e4fts in Otta aufgekauft, wodurch sie zum marktbeherrschenden Produzenten wurde. Im Jahr 2014 wurde das Unternehmen von Granit Kleber AS in Norsk Kleber AS umbenannt, da das Unternehmen nicht mehr in der Granitproduktion t\u00e4tig ist. Der Name mag sich ge\u00e4ndert haben, nicht jedoch die Unternehmensphilosophie, hochwertige Speckstein\u00f6fen zu entwickeln und herzustellen. Heute ist der Produktionsprozess mit computergesteuerten Maschinen hochmodern, w\u00e4hrend die Produkte selbst immer noch auf den gleichen Prinzipien der alten Speckstein\u00f6fen basieren &#8211; auch wenn unsere L\u00f6sungen deshalb etwas kostenintensiver sind als bei \u00e4hnlichen \u00d6fen. Der Grund daf\u00fcr ist einfach: bei der Qualit\u00e4t unserer Produkte und ihren \u00fcberragenden W\u00e4rmespeichereigenschaften machen wir keine Kompromisse.<\/p>\t\t\t\t\t\t\t\t<\/div>\n\t\t\t\t<\/div>\n\t\t\t\t\t<\/div>\n\t\t<\/div>\n\t\t\t\t\t<\/div>\n\t\t<\/section>\n\t\t\t\t\t<\/div>\n\t\t<\/div>\n\t\t\t\t\t<\/div>\n\t\t<\/section>\n\t\t\t\t<\/div>\n\t\t","protected":false},"excerpt":{"rendered":"<p>\u00dcber Speckstein und Norsk Kleber Ein Ofen aus massivem Speckstein von Norsk Kleber ist nicht nur ein Ofen, sondern ein exklusiver direkt aus der Natur kommender Einrichtungsgegenstand. Jeder Stein besitzt eigene Strukturen und Muster, daher ist jeder Ofen ein Unikat. Unser Speckstein ist grau und besitzt eine helle Struktur. Unsere Speckstein\u00f6fen sind w\u00e4rmende Kunstwerke, die &#8230; <a title=\"About us\" class=\"read-more\" href=\"https:\/\/www.norskkleber.no\/deutsch\/about-us\/\" aria-label=\"Read more about About us\">Read more<\/a><\/p>\n","protected":false},"author":1,"featured_media":0,"parent":0,"menu_order":10,"comment_status":"closed","ping_status":"closed","template":"","meta":{"_acf_changed":false,"inline_featured_image":false,"footnotes":""},"class_list":["post-39","page","type-page","status-publish"],"acf":[],"yoast_head":"<!-- This site is optimized with the Yoast SEO plugin v27.3 - https:\/\/yoast.com\/product\/yoast-seo-wordpress\/ -->\n<title>About us - Norskkleber AS GER<\/title>\n<meta name=\"robots\" content=\"index, follow, max-snippet:-1, max-image-preview:large, max-video-preview:-1\" \/>\n<link rel=\"canonical\" href=\"https:\/\/www.norskkleber.no\/deutsch\/about-us\/\" \/>\n<meta property=\"og:locale\" content=\"en_US\" \/>\n<meta property=\"og:type\" content=\"article\" \/>\n<meta property=\"og:title\" content=\"About us - Norskkleber AS GER\" \/>\n<meta property=\"og:description\" content=\"\u00dcber Speckstein und Norsk Kleber Ein Ofen aus massivem Speckstein von Norsk Kleber ist nicht nur ein Ofen, sondern ein exklusiver direkt aus der Natur kommender Einrichtungsgegenstand. Jeder Stein besitzt eigene Strukturen und Muster, daher ist jeder Ofen ein Unikat. Unser Speckstein ist grau und besitzt eine helle Struktur. Unsere Speckstein\u00f6fen sind w\u00e4rmende Kunstwerke, die ... Read more\" \/>\n<meta property=\"og:url\" content=\"https:\/\/www.norskkleber.no\/deutsch\/about-us\/\" \/>\n<meta property=\"og:site_name\" content=\"Norskkleber AS GER\" \/>\n<meta property=\"article:modified_time\" content=\"2022-03-08T12:57:54+00:00\" \/>\n<meta name=\"twitter:card\" content=\"summary_large_image\" \/>\n<meta name=\"twitter:label1\" content=\"Est. reading time\" \/>\n\t<meta name=\"twitter:data1\" content=\"3 minutes\" \/>\n<script type=\"application\/ld+json\" class=\"yoast-schema-graph\">{\"@context\":\"https:\\\/\\\/schema.org\",\"@graph\":[{\"@type\":\"WebPage\",\"@id\":\"https:\\\/\\\/www.norskkleber.no\\\/deutsch\\\/about-us\\\/\",\"url\":\"https:\\\/\\\/www.norskkleber.no\\\/deutsch\\\/about-us\\\/\",\"name\":\"About us - Norskkleber AS GER\",\"isPartOf\":{\"@id\":\"https:\\\/\\\/www.norskkleber.no\\\/deutsch\\\/#website\"},\"datePublished\":\"2018-11-07T11:02:10+00:00\",\"dateModified\":\"2022-03-08T12:57:54+00:00\",\"breadcrumb\":{\"@id\":\"https:\\\/\\\/www.norskkleber.no\\\/deutsch\\\/about-us\\\/#breadcrumb\"},\"inLanguage\":\"en-US\",\"potentialAction\":[{\"@type\":\"ReadAction\",\"target\":[\"https:\\\/\\\/www.norskkleber.no\\\/deutsch\\\/about-us\\\/\"]}]},{\"@type\":\"BreadcrumbList\",\"@id\":\"https:\\\/\\\/www.norskkleber.no\\\/deutsch\\\/about-us\\\/#breadcrumb\",\"itemListElement\":[{\"@type\":\"ListItem\",\"position\":1,\"name\":\"Hjem\",\"item\":\"https:\\\/\\\/www.norskkleber.no\\\/deutsch\\\/\"},{\"@type\":\"ListItem\",\"position\":2,\"name\":\"About us\"}]},{\"@type\":\"WebSite\",\"@id\":\"https:\\\/\\\/www.norskkleber.no\\\/deutsch\\\/#website\",\"url\":\"https:\\\/\\\/www.norskkleber.no\\\/deutsch\\\/\",\"name\":\"Norskkleber AS GER\",\"description\":\"Klebersteinsovner\",\"publisher\":{\"@id\":\"https:\\\/\\\/www.norskkleber.no\\\/deutsch\\\/#organization\"},\"potentialAction\":[{\"@type\":\"SearchAction\",\"target\":{\"@type\":\"EntryPoint\",\"urlTemplate\":\"https:\\\/\\\/www.norskkleber.no\\\/deutsch\\\/?s={search_term_string}\"},\"query-input\":{\"@type\":\"PropertyValueSpecification\",\"valueRequired\":true,\"valueName\":\"search_term_string\"}}],\"inLanguage\":\"en-US\"},{\"@type\":\"Organization\",\"@id\":\"https:\\\/\\\/www.norskkleber.no\\\/deutsch\\\/#organization\",\"name\":\"Norskkleber AS GER\",\"url\":\"https:\\\/\\\/www.norskkleber.no\\\/deutsch\\\/\",\"logo\":{\"@type\":\"ImageObject\",\"inLanguage\":\"en-US\",\"@id\":\"https:\\\/\\\/www.norskkleber.no\\\/deutsch\\\/#\\\/schema\\\/logo\\\/image\\\/\",\"url\":\"https:\\\/\\\/www.norskkleber.no\\\/deutsch\\\/wp-content\\\/uploads\\\/sites\\\/32\\\/2018\\\/11\\\/Norsk-Kleber-NOR.svg\",\"contentUrl\":\"https:\\\/\\\/www.norskkleber.no\\\/deutsch\\\/wp-content\\\/uploads\\\/sites\\\/32\\\/2018\\\/11\\\/Norsk-Kleber-NOR.svg\",\"caption\":\"Norskkleber AS GER\"},\"image\":{\"@id\":\"https:\\\/\\\/www.norskkleber.no\\\/deutsch\\\/#\\\/schema\\\/logo\\\/image\\\/\"}}]}<\/script>\n<!-- \/ Yoast SEO plugin. -->","yoast_head_json":{"title":"About us - Norskkleber AS GER","robots":{"index":"index","follow":"follow","max-snippet":"max-snippet:-1","max-image-preview":"max-image-preview:large","max-video-preview":"max-video-preview:-1"},"canonical":"https:\/\/www.norskkleber.no\/deutsch\/about-us\/","og_locale":"en_US","og_type":"article","og_title":"About us - Norskkleber AS GER","og_description":"\u00dcber Speckstein und Norsk Kleber Ein Ofen aus massivem Speckstein von Norsk Kleber ist nicht nur ein Ofen, sondern ein exklusiver direkt aus der Natur kommender Einrichtungsgegenstand. Jeder Stein besitzt eigene Strukturen und Muster, daher ist jeder Ofen ein Unikat. Unser Speckstein ist grau und besitzt eine helle Struktur. Unsere Speckstein\u00f6fen sind w\u00e4rmende Kunstwerke, die ... Read more","og_url":"https:\/\/www.norskkleber.no\/deutsch\/about-us\/","og_site_name":"Norskkleber AS GER","article_modified_time":"2022-03-08T12:57:54+00:00","twitter_card":"summary_large_image","twitter_misc":{"Est. reading time":"3 minutes"},"schema":{"@context":"https:\/\/schema.org","@graph":[{"@type":"WebPage","@id":"https:\/\/www.norskkleber.no\/deutsch\/about-us\/","url":"https:\/\/www.norskkleber.no\/deutsch\/about-us\/","name":"About us - Norskkleber AS GER","isPartOf":{"@id":"https:\/\/www.norskkleber.no\/deutsch\/#website"},"datePublished":"2018-11-07T11:02:10+00:00","dateModified":"2022-03-08T12:57:54+00:00","breadcrumb":{"@id":"https:\/\/www.norskkleber.no\/deutsch\/about-us\/#breadcrumb"},"inLanguage":"en-US","potentialAction":[{"@type":"ReadAction","target":["https:\/\/www.norskkleber.no\/deutsch\/about-us\/"]}]},{"@type":"BreadcrumbList","@id":"https:\/\/www.norskkleber.no\/deutsch\/about-us\/#breadcrumb","itemListElement":[{"@type":"ListItem","position":1,"name":"Hjem","item":"https:\/\/www.norskkleber.no\/deutsch\/"},{"@type":"ListItem","position":2,"name":"About us"}]},{"@type":"WebSite","@id":"https:\/\/www.norskkleber.no\/deutsch\/#website","url":"https:\/\/www.norskkleber.no\/deutsch\/","name":"Norskkleber AS GER","description":"Klebersteinsovner","publisher":{"@id":"https:\/\/www.norskkleber.no\/deutsch\/#organization"},"potentialAction":[{"@type":"SearchAction","target":{"@type":"EntryPoint","urlTemplate":"https:\/\/www.norskkleber.no\/deutsch\/?s={search_term_string}"},"query-input":{"@type":"PropertyValueSpecification","valueRequired":true,"valueName":"search_term_string"}}],"inLanguage":"en-US"},{"@type":"Organization","@id":"https:\/\/www.norskkleber.no\/deutsch\/#organization","name":"Norskkleber AS GER","url":"https:\/\/www.norskkleber.no\/deutsch\/","logo":{"@type":"ImageObject","inLanguage":"en-US","@id":"https:\/\/www.norskkleber.no\/deutsch\/#\/schema\/logo\/image\/","url":"https:\/\/www.norskkleber.no\/deutsch\/wp-content\/uploads\/sites\/32\/2018\/11\/Norsk-Kleber-NOR.svg","contentUrl":"https:\/\/www.norskkleber.no\/deutsch\/wp-content\/uploads\/sites\/32\/2018\/11\/Norsk-Kleber-NOR.svg","caption":"Norskkleber AS GER"},"image":{"@id":"https:\/\/www.norskkleber.no\/deutsch\/#\/schema\/logo\/image\/"}}]}},"_links":{"self":[{"href":"https:\/\/www.norskkleber.no\/deutsch\/wp-json\/wp\/v2\/pages\/39","targetHints":{"allow":["GET"]}}],"collection":[{"href":"https:\/\/www.norskkleber.no\/deutsch\/wp-json\/wp\/v2\/pages"}],"about":[{"href":"https:\/\/www.norskkleber.no\/deutsch\/wp-json\/wp\/v2\/types\/page"}],"author":[{"embeddable":true,"href":"https:\/\/www.norskkleber.no\/deutsch\/wp-json\/wp\/v2\/users\/1"}],"replies":[{"embeddable":true,"href":"https:\/\/www.norskkleber.no\/deutsch\/wp-json\/wp\/v2\/comments?post=39"}],"version-history":[{"count":7,"href":"https:\/\/www.norskkleber.no\/deutsch\/wp-json\/wp\/v2\/pages\/39\/revisions"}],"predecessor-version":[{"id":28462,"href":"https:\/\/www.norskkleber.no\/deutsch\/wp-json\/wp\/v2\/pages\/39\/revisions\/28462"}],"wp:attachment":[{"href":"https:\/\/www.norskkleber.no\/deutsch\/wp-json\/wp\/v2\/media?parent=39"}],"curies":[{"name":"wp","href":"https:\/\/api.w.org\/{rel}","templated":true}]}}